{"id":125,"date":"2023-09-01T14:18:27","date_gmt":"2023-09-01T12:18:27","guid":{"rendered":"https:\/\/bonnecasa.de\/?page_id=125"},"modified":"2023-11-29T19:49:53","modified_gmt":"2023-11-29T18:49:53","slug":"impressum","status":"publish","type":"page","link":"https:\/\/bonnecasa.de\/en\/impressum\/","title":{"rendered":"Imprint"},"content":{"rendered":"<div data-elementor-type=\"wp-page\" data-elementor-id=\"125\" class=\"elementor elementor-125\" data-elementor-post-type=\"page\">\n\t\t\t\t\t\t\t\t\t<section class=\"elementor-section elementor-top-section elementor-element elementor-element-17f6cdf elementor-section-boxed elementor-section-height-default elementor-section-height-default\" data-id=\"17f6cdf\" data-element_type=\"section\">\n\t\t\t\t\t\t<div class=\"elementor-container elementor-column-gap-default\">\n\t\t\t\t\t<div class=\"elementor-column elementor-col-100 elementor-top-column elementor-element elementor-element-3c1338a\" data-id=\"3c1338a\" data-element_type=\"column\">\n\t\t\t<div class=\"elementor-widget-wrap elementor-element-populated\">\n\t\t\t\t\t\t\t\t<div class=\"elementor-element elementor-element-85080f5 elementor-invisible elementor-widget elementor-widget-text-editor\" data-id=\"85080f5\" data-element_type=\"widget\" data-settings=\"{&quot;_animation&quot;:&quot;fadeInUp&quot;}\" data-widget_type=\"text-editor.default\">\n\t\t\t\t<div class=\"elementor-widget-container\">\n\t\t\t<style>\/*! elementor - v3.18.0 - 08-12-2023 *\/\n.elementor-widget-text-editor.elementor-drop-cap-view-stacked .elementor-drop-cap{background-color:#69727d;color:#fff}.elementor-widget-text-editor.elementor-drop-cap-view-framed .elementor-drop-cap{color:#69727d;border:3px solid;background-color:transparent}.elementor-widget-text-editor:not(.elementor-drop-cap-view-default) .elementor-drop-cap{margin-top:8px}.elementor-widget-text-editor:not(.elementor-drop-cap-view-default) .elementor-drop-cap-letter{width:1em;height:1em}.elementor-widget-text-editor .elementor-drop-cap{float:left;text-align:center;line-height:1;font-size:50px}.elementor-widget-text-editor .elementor-drop-cap-letter{display:inline-block}<\/style>\t\t\t\tImprint\t\t\t\t\t\t<\/div>\n\t\t\t\t<\/div>\n\t\t\t\t<div class=\"elementor-element elementor-element-15a0e95 elementor-widget-mobile__width-auto elementor-hidden-mobile elementor-widget elementor-widget-heading\" data-id=\"15a0e95\" data-element_type=\"widget\" data-widget_type=\"heading.default\">\n\t\t\t\t<div class=\"elementor-widget-container\">\n\t\t\t<style>\/*! elementor - v3.18.0 - 08-12-2023 *\/\n.elementor-heading-title{padding:0;margin:0;line-height:1}.elementor-widget-heading .elementor-heading-title[class*=elementor-size-]>a{color:inherit;font-size:inherit;line-height:inherit}.elementor-widget-heading .elementor-heading-title.elementor-size-small{font-size:15px}.elementor-widget-heading .elementor-heading-title.elementor-size-medium{font-size:19px}.elementor-widget-heading .elementor-heading-title.elementor-size-large{font-size:29px}.elementor-widget-heading .elementor-heading-title.elementor-size-xl{font-size:39px}.elementor-widget-heading .elementor-heading-title.elementor-size-xxl{font-size:59px}<\/style><h1 class=\"elementor-heading-title elementor-size-default\">Responsible for<\/h1>\t\t<\/div>\n\t\t\t\t<\/div>\n\t\t\t\t<div class=\"elementor-element elementor-element-66934be elementor-widget-mobile__width-auto elementor-hidden-mobile elementor-widget elementor-widget-text-editor\" data-id=\"66934be\" data-element_type=\"widget\" data-widget_type=\"text-editor.default\">\n\t\t\t\t<div class=\"elementor-widget-container\">\n\t\t\t\t\t\t\t<p>bonnecasa.de<\/p>\t\t\t\t\t\t<\/div>\n\t\t\t\t<\/div>\n\t\t\t\t<div class=\"elementor-element elementor-element-0dcb6cf elementor-widget-mobile__width-auto elementor-hidden-desktop elementor-hidden-tablet elementor-widget elementor-widget-text-editor\" data-id=\"0dcb6cf\" data-element_type=\"widget\" data-widget_type=\"text-editor.default\">\n\t\t\t\t<div class=\"elementor-widget-container\">\n\t\t\t\t\t\t\t<span class=\"mobi_font\">Responsible for<\/span> bonnecasa.de\t\t\t\t\t\t<\/div>\n\t\t\t\t<\/div>\n\t\t\t\t\t<\/div>\n\t\t<\/div>\n\t\t\t\t\t\t\t<\/div>\n\t\t<\/section>\n\t\t\t\t<section class=\"elementor-section elementor-top-section elementor-element elementor-element-5090c7d elementor-section-boxed elementor-section-height-default elementor-section-height-default\" data-id=\"5090c7d\" data-element_type=\"section\">\n\t\t\t\t\t\t<div class=\"elementor-container elementor-column-gap-default\">\n\t\t\t\t\t<div class=\"elementor-column elementor-col-100 elementor-top-column elementor-element elementor-element-7900d87\" data-id=\"7900d87\" data-element_type=\"column\">\n\t\t\t<div class=\"elementor-widget-wrap elementor-element-populated\">\n\t\t\t\t\t\t\t\t<div class=\"elementor-element elementor-element-60f6a69 elementor-widget elementor-widget-heading\" data-id=\"60f6a69\" data-element_type=\"widget\" data-widget_type=\"heading.default\">\n\t\t\t\t<div class=\"elementor-widget-container\">\n\t\t\t<h3 class=\"elementor-heading-title elementor-size-default\">Legal provider identification<\/h3>\t\t<\/div>\n\t\t\t\t<\/div>\n\t\t\t\t<div class=\"elementor-element elementor-element-1f30200 elementor-widget elementor-widget-text-editor\" data-id=\"1f30200\" data-element_type=\"widget\" data-widget_type=\"text-editor.default\">\n\t\t\t\t<div class=\"elementor-widget-container\">\n\t\t\t\t\t\t\t<p><strong>ASKT International (Suzhou) Limited<\/strong><\/p><p>Room 1101-2, Genway Tower<br \/>No. 188, Wangdun Road, Industrial Park<br \/>Suzhou, Jiangsu, China<\/p><p>Phone:<br \/>E-Mail: info@sinoaskt.com<\/p>\t\t\t\t\t\t<\/div>\n\t\t\t\t<\/div>\n\t\t\t\t<div class=\"elementor-element elementor-element-7428c48 elementor-widget elementor-widget-heading\" data-id=\"7428c48\" data-element_type=\"widget\" data-widget_type=\"heading.default\">\n\t\t\t\t<div class=\"elementor-widget-container\">\n\t\t\t<h4 class=\"elementor-heading-title elementor-size-default\">Concept &amp; Design<\/h4>\t\t<\/div>\n\t\t\t\t<\/div>\n\t\t\t\t<div class=\"elementor-element elementor-element-63a273a elementor-widget elementor-widget-text-editor\" data-id=\"63a273a\" data-element_type=\"widget\" data-widget_type=\"text-editor.default\">\n\t\t\t\t<div class=\"elementor-widget-container\">\n\t\t\t\t\t\t\t<p>DIMEGO<br \/><a href=\"https:\/\/www.dimego.de\" target=\"_blank\" rel=\"noopener\">www.dimego.de<\/a><\/p>\t\t\t\t\t\t<\/div>\n\t\t\t\t<\/div>\n\t\t\t\t<div class=\"elementor-element elementor-element-8a51e43 elementor-widget elementor-widget-heading\" data-id=\"8a51e43\" data-element_type=\"widget\" data-widget_type=\"heading.default\">\n\t\t\t\t<div class=\"elementor-widget-container\">\n\t\t\t<h4 class=\"elementor-heading-title elementor-size-default\">Disclaimer<\/h4>\t\t<\/div>\n\t\t\t\t<\/div>\n\t\t\t\t<div class=\"elementor-element elementor-element-addfb7e elementor-widget elementor-widget-heading\" data-id=\"addfb7e\" data-element_type=\"widget\" data-widget_type=\"heading.default\">\n\t\t\t\t<div class=\"elementor-widget-container\">\n\t\t\t<h4 class=\"elementor-heading-title elementor-size-default\">Contents<\/h4>\t\t<\/div>\n\t\t\t\t<\/div>\n\t\t\t\t<div class=\"elementor-element elementor-element-5aa2a3e elementor-widget elementor-widget-text-editor\" data-id=\"5aa2a3e\" data-element_type=\"widget\" data-widget_type=\"text-editor.default\">\n\t\t\t\t<div class=\"elementor-widget-container\">\n\t\t\t\t\t\t\t<p>This information has been compiled and checked conscientiously. Nevertheless, ASKT International (Suzhou) Limited assumes no liability for the topicality, correctness, completeness or quality of the information provided.<\/p><p>Liability claims against ASKT International (Suzhou) Limited relating to material or immaterial damage caused by the use or non-use of the information provided or by incorrect or incomplete information are fundamentally excluded, unless there is evidence of wilful intent or gross negligence on the part of ASKT International (Suzhou) Limited.<\/p><p>ASKT International (Suzhou) Limited reserves the right to change, amend, delete or cease publication of parts of the site or the entire site without prior notice.<\/p>\t\t\t\t\t\t<\/div>\n\t\t\t\t<\/div>\n\t\t\t\t<div class=\"elementor-element elementor-element-465331c elementor-widget elementor-widget-heading\" data-id=\"465331c\" data-element_type=\"widget\" data-widget_type=\"heading.default\">\n\t\t\t\t<div class=\"elementor-widget-container\">\n\t\t\t<h4 class=\"elementor-heading-title elementor-size-default\">Links<\/h4>\t\t<\/div>\n\t\t\t\t<\/div>\n\t\t\t\t<div class=\"elementor-element elementor-element-3ac2b94 elementor-widget elementor-widget-text-editor\" data-id=\"3ac2b94\" data-element_type=\"widget\" data-widget_type=\"text-editor.default\">\n\t\t\t\t<div class=\"elementor-widget-container\">\n\t\t\t\t\t\t\t<p>ASKT International (Suzhou) Limited is only liable for direct or indirect references to external websites (\"links\") if it has precise knowledge of the content and it is technically possible and reasonable to prevent use in the event of illegal content.<\/p><p>ASKT International (Suzhou) Limited expressly declares that the linked pages contained no illegal content at the time the links were created. As ASKT International (Suzhou) Limited has no influence on the current and future design of the linked pages, it expressly distances itself from all changes to the content of the linked pages that are made after the link was created. This also applies to third-party entries in guest books, discussion forums and mailing lists set up by ASKT International (Suzhou) Limited.<\/p><p>ASKT International (Suzhou) Limited assumes no responsibility for the content, availability, correctness and accuracy of the linked pages, their offers, links or advertisements. It is not liable for illegal, incorrect or incomplete content and in particular not for damages arising from the use or non-use of the information provided on the linked pages.<\/p>\t\t\t\t\t\t<\/div>\n\t\t\t\t<\/div>\n\t\t\t\t<div class=\"elementor-element elementor-element-ebb567d elementor-widget elementor-widget-heading\" data-id=\"ebb567d\" data-element_type=\"widget\" data-widget_type=\"heading.default\">\n\t\t\t\t<div class=\"elementor-widget-container\">\n\t\t\t<h4 class=\"elementor-heading-title elementor-size-default\">Copyright<\/h4>\t\t<\/div>\n\t\t\t\t<\/div>\n\t\t\t\t<div class=\"elementor-element elementor-element-566186e elementor-widget elementor-widget-text-editor\" data-id=\"566186e\" data-element_type=\"widget\" data-widget_type=\"text-editor.default\">\n\t\t\t\t<div class=\"elementor-widget-container\">\n\t\t\t\t\t\t\t<p>ASKT International (Suzhou) Limited respects applicable copyrights in all publications. Should a copyright infringement nevertheless occur, ASKT International (Suzhou) Limited will remove the affected object from the publication after notification or mark it with the corresponding copyright.<\/p><p>All brands and trademarks mentioned within the website are subject to the provisions of the applicable trademark law and the rights of the registered owners. The mention alone does not allow the conclusion that trademarks are not protected by third-party rights.<\/p><p>The copyright for ASKT International (Suzhou) Limited's own content on the domain www.bonnecasa.de lies exclusively with ASKT International (Suzhou) Limited. Reproduction of such graphics, sounds or texts in other electronic or printed publications is not permitted without the express consent of ASKT International (Suzhou) Limited.<\/p>\t\t\t\t\t\t<\/div>\n\t\t\t\t<\/div>\n\t\t\t\t<div class=\"elementor-element elementor-element-3f25ef0 elementor-widget elementor-widget-heading\" data-id=\"3f25ef0\" data-element_type=\"widget\" data-widget_type=\"heading.default\">\n\t\t\t\t<div class=\"elementor-widget-container\">\n\t\t\t<h4 class=\"elementor-heading-title elementor-size-default\">Legal validity<\/h4>\t\t<\/div>\n\t\t\t\t<\/div>\n\t\t\t\t<div class=\"elementor-element elementor-element-d52fb15 elementor-widget elementor-widget-text-editor\" data-id=\"d52fb15\" data-element_type=\"widget\" data-widget_type=\"text-editor.default\">\n\t\t\t\t<div class=\"elementor-widget-container\">\n\t\t\t\t\t\t\tThis disclaimer of liability is to be viewed as part of the Internet offering from which reference was made to this page. If parts or formulations of this text do not, no longer or do not completely correspond to the applicable legal situation, the remaining parts of the document remain unaffected in their content and validity.\t\t\t\t\t\t<\/div>\n\t\t\t\t<\/div>\n\t\t\t\t\t<\/div>\n\t\t<\/div>\n\t\t\t\t\t\t\t<\/div>\n\t\t<\/section>\n\t\t\t\t\t\t\t<\/div>","protected":false},"excerpt":{"rendered":"<p>Impressum Verantwortlich f\u00fcr bonnecasa.de Verantwortlich f\u00fcr bonnecasa.de Gesetzliche Anbieterkennung ASKT International (Suzhou) Limited Room 1101-2, Genway TowerNo. 188, Wangdun Road, Industrial ParkSuzhou, Jiangsu, China Telefon: +49 (0)176 41900738E-Mail: info@sinoaskt.com Konzept &#038; Design DIMEGOwww.dimego.de Haftungsausschluss Inhalte Die vorliegenden Informationen wurden gewissenhaft erstellt und gepr\u00fcft. Trotzdem \u00fcbernimmt die ASKT International (Suzhou) Limited keine Gew\u00e4hr f\u00fcr die Aktualit\u00e4t, [&hellip;]<\/p>","protected":false},"author":1,"featured_media":0,"parent":0,"menu_order":0,"comment_status":"closed","ping_status":"closed","template":"","meta":{"footnotes":""},"acf":[],"_links":{"self":[{"href":"https:\/\/bonnecasa.de\/en\/wp-json\/wp\/v2\/pages\/125"}],"collection":[{"href":"https:\/\/bonnecasa.de\/en\/wp-json\/wp\/v2\/pages"}],"about":[{"href":"https:\/\/bonnecasa.de\/en\/wp-json\/wp\/v2\/types\/page"}],"author":[{"embeddable":true,"href":"https:\/\/bonnecasa.de\/en\/wp-json\/wp\/v2\/users\/1"}],"replies":[{"embeddable":true,"href":"https:\/\/bonnecasa.de\/en\/wp-json\/wp\/v2\/comments?post=125"}],"version-history":[{"count":0,"href":"https:\/\/bonnecasa.de\/en\/wp-json\/wp\/v2\/pages\/125\/revisions"}],"wp:attachment":[{"href":"https:\/\/bonnecasa.de\/en\/wp-json\/wp\/v2\/media?parent=125"}],"curies":[{"name":"wp","href":"https:\/\/api.w.org\/{rel}","templated":true}]}}